{"id":12186,"date":"2025-08-07T07:52:50","date_gmt":"2025-08-07T07:52:50","guid":{"rendered":"https:\/\/kirstenscuriosities.co.uk\/?post_type=product&#038;p=12186"},"modified":"2026-03-03T08:50:06","modified_gmt":"2026-03-03T08:50:06","slug":"kashmiri-hand-painted-papier-mache-box","status":"publish","type":"product","link":"https:\/\/kirstenscuriosities.co.uk\/?product=kashmiri-hand-painted-papier-mache-box","title":{"rendered":"Kashmiri Hand Painted Papier-m\u00e2ch\u00e9 Box"},"content":{"rendered":"<p>Kashmiri Hand Painted Papier-m\u00e2ch\u00e9 Box<br \/>\nApproximately 7.5cm in diameter and 4cm deep<br \/>\nA bit worn around the edges<br \/>\nA nice example of Kashmiri decoration<\/p>\n","protected":false},"excerpt":{"rendered":"<p>Kashmiri Hand Painted Papier-m\u00e2ch\u00e9 Box Approximately 7.5cm in diameter and 4cm deep A bit worn around the edges A nice example of Kashmiri decoration<\/p>\n","protected":false},"featured_media":12182,"template":"","meta":{"_monsterinsights_skip_tracking":false,"_monsterinsights_sitenote_active":false,"_monsterinsights_sitenote_note":"","_monsterinsights_sitenote_category":0,"_kad_post_transparent":"default","_kad_post_title":"","_kad_post_layout":"default","_kad_post_sidebar_id":"","_kad_post_content_style":"default","_kad_post_vertical_padding":"default","_kad_post_feature":"","_kad_post_feature_position":"","_kad_post_header":false,"_kad_post_footer":false,"_kad_post_classname":""},"product_brand":[],"product_cat":[114,151],"product_tag":[],"class_list":{"0":"post-12186","1":"product","2":"type-product","3":"status-publish","4":"has-post-thumbnail","6":"product_cat-boxes","7":"product_cat-papier-mache-boxes","9":"first","10":"instock","11":"shipping-taxable","12":"purchasable","13":"product-type-simple","14":"entry","15":"content-bg","16":"loop-entry"},"_links":{"self":[{"href":"https:\/\/kirstenscuriosities.co.uk\/index.php?rest_route=\/wp\/v2\/product\/12186"}],"collection":[{"href":"https:\/\/kirstenscuriosities.co.uk\/index.php?rest_route=\/wp\/v2\/product"}],"about":[{"href":"https:\/\/kirstenscuriosities.co.uk\/index.php?rest_route=\/wp\/v2\/types\/product"}],"wp:featuredmedia":[{"embeddable":true,"href":"https:\/\/kirstenscuriosities.co.uk\/index.php?rest_route=\/wp\/v2\/media\/12182"}],"wp:attachment":[{"href":"https:\/\/kirstenscuriosities.co.uk\/index.php?rest_route=%2Fwp%2Fv2%2Fmedia&parent=12186"}],"wp:term":[{"taxonomy":"product_brand","embeddable":true,"href":"https:\/\/kirstenscuriosities.co.uk\/index.php?rest_route=%2Fwp%2Fv2%2Fproduct_brand&post=12186"},{"taxonomy":"product_cat","embeddable":true,"href":"https:\/\/kirstenscuriosities.co.uk\/index.php?rest_route=%2Fwp%2Fv2%2Fproduct_cat&post=12186"},{"taxonomy":"product_tag","embeddable":true,"href":"https:\/\/kirstenscuriosities.co.uk\/index.php?rest_route=%2Fwp%2Fv2%2Fproduct_tag&post=12186"}],"curies":[{"name":"wp","href":"https:\/\/api.w.org\/{rel}","templated":true}]}}