{"id":13706,"date":"2026-01-22T13:10:20","date_gmt":"2026-01-22T13:10:20","guid":{"rendered":"https:\/\/kirstenscuriosities.co.uk\/?post_type=product&#038;p=13706"},"modified":"2026-03-03T08:49:39","modified_gmt":"2026-03-03T08:49:39","slug":"papier-mache-green-box","status":"publish","type":"product","link":"https:\/\/kirstenscuriosities.co.uk\/?product=papier-mache-green-box","title":{"rendered":"Papier-m\u00e2ch\u00e9 Green Box"},"content":{"rendered":"<p>Papier-m\u00e2ch\u00e9 Green Box<br \/>\nGorgeous Green Design With Gold Detail<br \/>\nApproximately 9 x 7.5 x 4cm<\/p>\n","protected":false},"excerpt":{"rendered":"<p>Papier-m\u00e2ch\u00e9 Green Box Gorgeous Green Design With Gold Detail Approximately 9 x 7.5 x 4cm<\/p>\n","protected":false},"featured_media":13697,"template":"","meta":{"_monsterinsights_skip_tracking":false,"_monsterinsights_sitenote_active":false,"_monsterinsights_sitenote_note":"","_monsterinsights_sitenote_category":0,"_kad_post_transparent":"default","_kad_post_title":"","_kad_post_layout":"default","_kad_post_sidebar_id":"","_kad_post_content_style":"default","_kad_post_vertical_padding":"default","_kad_post_feature":"","_kad_post_feature_position":"","_kad_post_header":false,"_kad_post_footer":false,"_kad_post_classname":""},"product_brand":[],"product_cat":[114,151],"product_tag":[],"class_list":{"0":"post-13706","1":"product","2":"type-product","3":"status-publish","4":"has-post-thumbnail","6":"product_cat-boxes","7":"product_cat-papier-mache-boxes","9":"first","10":"instock","11":"shipping-taxable","12":"purchasable","13":"product-type-simple","14":"entry","15":"content-bg","16":"loop-entry"},"_links":{"self":[{"href":"https:\/\/kirstenscuriosities.co.uk\/index.php?rest_route=\/wp\/v2\/product\/13706"}],"collection":[{"href":"https:\/\/kirstenscuriosities.co.uk\/index.php?rest_route=\/wp\/v2\/product"}],"about":[{"href":"https:\/\/kirstenscuriosities.co.uk\/index.php?rest_route=\/wp\/v2\/types\/product"}],"wp:featuredmedia":[{"embeddable":true,"href":"https:\/\/kirstenscuriosities.co.uk\/index.php?rest_route=\/wp\/v2\/media\/13697"}],"wp:attachment":[{"href":"https:\/\/kirstenscuriosities.co.uk\/index.php?rest_route=%2Fwp%2Fv2%2Fmedia&parent=13706"}],"wp:term":[{"taxonomy":"product_brand","embeddable":true,"href":"https:\/\/kirstenscuriosities.co.uk\/index.php?rest_route=%2Fwp%2Fv2%2Fproduct_brand&post=13706"},{"taxonomy":"product_cat","embeddable":true,"href":"https:\/\/kirstenscuriosities.co.uk\/index.php?rest_route=%2Fwp%2Fv2%2Fproduct_cat&post=13706"},{"taxonomy":"product_tag","embeddable":true,"href":"https:\/\/kirstenscuriosities.co.uk\/index.php?rest_route=%2Fwp%2Fv2%2Fproduct_tag&post=13706"}],"curies":[{"name":"wp","href":"https:\/\/api.w.org\/{rel}","templated":true}]}}